{"id":8,"date":"2023-03-14T11:55:37","date_gmt":"2023-03-14T10:55:37","guid":{"rendered":"https:\/\/darkseeds.icac.cat\/?page_id=8"},"modified":"2024-01-15T14:28:36","modified_gmt":"2024-01-15T13:28:36","slug":"mesmerize","status":"publish","type":"page","link":"https:\/\/darkseeds.icac.cat\/","title":{"rendered":"Front Page"},"content":{"rendered":"<div  data-label=\"About\" data-id=\"features--1\" data-export-id=\"features-13-card-bordered\" data-category=\"features\" class=\"features-13 content-section content-section-spacing\" id=\"about\" style=\"background-color: rgb(255, 255, 255); background-image: none;\" data-bullets-visibility=\"true\"><div  class=\"gridContainer\"> <div  class=\"row text-center\"><div  class=\"section-title-col\" data-type=\"column\">  <p  class=\"lead\">DarkSeeds is a Marie Sk\u0142odowska-Curie Individual Fellowship funded under the H2020 programme of the European Union (H2020-MSCA-IF-2020-101024917) at the Landscape Archaeology Research Group (GIAP) of the Catalan Institute of Classical Archaeology (ICAC). <br ><br >PI: Dr. Charlotte Diffey. Supervised by: Alexandra Livarda (Ram\u00f3n y Cajal researcher at ICAC). <br >Dates: 01\/09\/2022 \u2013 31\/08\/2024<\/p><img  decoding=\"async\" class=\"custom-image\" src=\"https:\/\/darkseeds.icac.cat\/wp-content\/uploads\/2023\/03\/cropped-Funding-768x88-1.png\" title=\"Funding-768x88\" alt=\"\"><\/div> <\/div> <div  class=\"row spaced-cols content-left-sm\" data-type=\"row\"> <div  class=\"col-sm-4\"> <div  class=\"card bordered y-move\" data-type=\"column\"> <i  class=\"fa icon color1 fa-flag bordered round big\"><\/i> <h4  class=\"\">AIM<\/h4> <p  class=\"\">DarkSeeds aims to re-examine the role of agriculture to provide an evidence-based understanding and a new explanatory model of the economic changes during the Late Bronze Age (LBA) \u2013 EIA, through a novel combination of traditional and newly developed methods and emerging technologies.\n<br >\n<br >This combination of traditional with advanced and newly developed scientific techniques has the potential to step-change the investigation of complex issues of agricultural change and provide new, in-depth understandings of the very processes that underpinned the LBA-EIA societies.&nbsp;<\/p> <\/div> <\/div> <div  class=\"col-sm-4\"> <div  class=\"card bordered y-move\" data-type=\"column\"> <i  class=\"fa icon color1 fa-book bordered round big\"><\/i> <h4  class=\"\">BACKGROUND<\/h4> <p  class=\"\">The collapse of Bronze Age societies in the Aegean led to a period known as the \u2018Greek Dark Ages\u2019 (Early IronAge, EIA) that involved major socio-economic disruptions and transformations.&nbsp;The causes of these changes and their impact on the agricultural economy of these societies have been matters of a long-lasting debate. \n<br ><br >The nature of agricultural management and production in this period is largely speculative due to limited bioarchaeological data and the inherent limitations involved in the analysis of available evidence. Owing to the lack of knowledge regarding the role of agriculture in these processes of socio-economic turmoil, a new approach to the debate is needed. <\/p> <\/div> <\/div> <div  class=\"col-sm-4\"> <div  class=\"card bordered y-move\" data-type=\"column\"> <i  class=\"fa icon color1 fa-gears bordered round big\"><\/i> <h4  class=\"\">METHODOLOGY<\/h4> <p  class=\"\">it will employ archaeobotanical material from six sites across the Aegean to capture spatial variability and will:\n<br >(1) use standard archaeobotanical approaches, including synthesis of existing data; and \n<br >(2) apply and refine a new methodology, pioneered by the supervisory team, that combines 3D photogrammetry, Machine Learning-aided Geometric Morphometrics (GMM) and targeted stable isotope analysis, and uses directly the 3D shape of cereal seeds to infer agricultural practices. <\/p> <\/div> <\/div><\/div> <\/div><\/div><div  id=\"news\" style=\"background-color: #f5fafd;\" data-label=\"News\" data-id=\"cta-blue-section-mc\" data-export-id=\"cta-blue-section-mc\" data-category=\"cta\" class=\"cta-blue-section-mc content-section content-section-spacing le_cocktail white-text\"><div  class=\"gridContainer\"> <div  class=\"row middle-xs\"><div  class=\"col-sm-8 space-bottom-xs\" data-type=\"column\"> <h2  class=\"\">Follow all the news and publications of the project!<\/h2> <\/div> <div  class=\"col-sm-4 end-sm\" data-type=\"column\"> <a class=\"button color2\" href=\"https:\/\/giap.icac.cat\/category\/msca\/darkseeds\" target=\"_blank\" data-cp-link=\"1\" rel=\"noopener\">DarkSeeds News<\/a><\/div> <\/div><\/div> <\/div><div  data-label=\"Researcher\" data-id=\"content--1\" data-export-id=\"content-3\" data-category=\"content\" class=\"content-3 content-section content-section-spacing\" id=\"researcher\" style=\"background-color: rgb(255, 255, 255); background-image: none;\" data-bullets-visibility=\"true\"><div > <div  class=\"row middle-xs\"><div  class=\"col-sm-7 full-col-left-padding full-col-right-padding\"> <div  class=\"row\"><div  data-type=\"column\" class=\"space-bottom-small content-title-col\"> <h5  class=\"\">Principal Investigator<\/h5> <h2  class=\"\">Charlotte Diffey<\/h2> <p  class=\"\">Dr Diffey is a talented early career researcher, who is specialized in archaeobotany and stable isotope analysis, having been trained in one of the best research teams in the field led by Prof. Amy Bogaard at the University of Oxford, UK. Despite the early stage of her career, Charlotte has a very strong field, laboratory and publication record, with work in Europe, Asia and the Americas, including research at the iconic sites of \u00c7atalh\u00f6y\u00fck in Turkey and Knossos in Greece.<br ><br >Charlotte completed her PhD in 2018 and since then she held two post-doctoral positions. First at the University of Oxford and then at the University of Reading where she currently continues working. In her current position Charlotte is working on the ERC-funded \u2018Middle East Neolithic Transition: Integrated Community Approaches\u2019 (MENTICA) project. This research concentrates primarily on the establishment of early farming practices and communities at several Neolithic and Chalcolithic sites in Iraq and Iran. Her previous research has focused on large-scale Bronze Age farming and politics in the Eastern Mediterranean and Northern Mesopotamia, working on archaeobotanical assemblages from the major urban centres of Hattusha (Turkey) and Tell Brak (Syria).<\/p><a class=\"link\" href=\"https:\/\/icac.cat\/recerca\/projectes-de-recerca\/projecte\/darkseeds-a-new-explanatory-paradigm-for-the-agricultural-economies-of-the-aegean-late-bronze-and-early-iron-age-using-machine-learning-aided-3d-morphometrics-and-stable-isotope-analyses-h2020-msca\" target=\"_blank\" data-cp-link=\"1\" rel=\"noopener\">DarkSeeds project profile<\/a><\/div> <\/div> <div  class=\"row spaced-cols\" data-type=\"row\">    <div  class=\"col-xs-6\" data-type=\"column\"> <\/div> <\/div><\/div> <div  class=\"col-sm-5 bg-image shadow-large-black revert-classes-holder\" data-bg=\"image\" style=\"background-image: url(&quot;https:\/\/darkseeds.icac.cat\/wp-content\/uploads\/2023\/03\/Charlotte-Diffey_retrat-web-1_2022-2-1-scaled-e1678794569762.jpg&quot;);\"><\/div><\/div> <\/div><\/div><div  id=\"contact\" style=\"background-color: rgb(245, 250, 253); background-image: none;\" data-label=\"Contact\" data-id=\"team-5-mc\" data-export-id=\"team-5-mc\" data-bullets-visibility=\"true\" data-category=\"team\" class=\"team-5-mc content-section content-section-spacing\"><div  class=\"gridContainer\"> <div  class=\"row text-center\"><div  class=\"section-title-col\" data-type=\"column\"> <h5  class=\"\">CONTACT<\/h5>  <\/div> <\/div> <div  class=\"row spaced-cols content-center-sm center-sm\" data-type=\"row\">   <div  class=\"col-xs-12 col-sm-6 col-md-3 col-padding\"> <div  class=\"row \"> <div  data-type=\"column\" class=\"col-xs-12 col-sm-12\"> <a data-cp-link=\"1\" href=\"https:\/\/icac.cat\/qui-som\/personal\/cdiffey\" class=\"\" target=\"_blank\" rel=\"noopener\"><img  decoding=\"async\" class=\"round face\" src=\"https:\/\/darkseeds.icac.cat\/wp-content\/uploads\/2023\/03\/Charlotte-Diffey_retrat-web-1_2022-2-scaled.jpg\" title=\"Charlotte Diffey_retrat web 1_2022-2\" alt=\"\"><\/a> <h4  class=\"font-500\">Dr. Charlotte Diffey<\/h4>  <h6  class=\"\">Principal Investigator<\/h6><p  class=\"\">MSCA fellow at the Catalan Institute of Classical Archaeology (ICAC)<\/p> <div  class=\"social-icons-group\" data-type=\"group\"> <a href=\"https:\/\/icac.cat\/qui-som\/personal\/cdiffey\" target=\"_blank\" rel=\"noopener\" class=\"\"><i  class=\"gray fa icon fa-user-circle\"><\/i><\/a> <a href=\"#\" target=\"_self\" data-reiki-hidden=\"true\" rel=\"noopener\"><i  class=\"gray fa icon fa-twitter-square\"><\/i><\/a> <a href=\"#\" target=\"_self\" data-reiki-hidden=\"true\" rel=\"noopener\"><i  class=\"gray fa icon fa-linkedin-square\"><\/i><\/a> <a href=\"#\" target=\"_self\" data-reiki-hidden=\"true\" rel=\"noopener\"><i  class=\"gray fa icon fa-google-plus-square\"><\/i><\/a><\/div> <a class=\"link\" href=\"mailto:cdiffey@icac.cat\" target=\"_self\" data-cp-link=\"1\" rel=\"noopener\">cdiffey@icac.cat<\/a><\/div><\/div> <\/div> <div  class=\"col-xs-12 col-sm-6 col-md-3 col-padding\"> <div  class=\"row \"> <div  data-type=\"column\" class=\"col-xs-12 col-sm-12\"> <a data-cp-link=\"1\" href=\"https:\/\/www.icac.cat\/qui-som\/personal\/alivarda\" class=\"\" target=\"_blank\" rel=\"noopener\"><img  decoding=\"async\" class=\"round face\" src=\"https:\/\/darkseeds.icac.cat\/wp-content\/uploads\/2023\/03\/Alex-Livarda_ICAC-web2b-scaled-1.jpg\" title=\"Alex-Livarda_ICAC-web2b-scaled\" alt=\"\"><\/a> <h4  class=\"font-500\">Alexandra Livarda<\/h4>  <h6  class=\"\">Supervisor<\/h6><p  class=\"\">Ram\u00f3n y Cajal Researcher at the&nbsp;Catalan Institute of Classical Archaeology (ICAC), International Coordinator at ICAC<\/p> <div  class=\"social-icons-group\" data-type=\"group\"> <a href=\"https:\/\/www.icac.cat\/qui-som\/personal\/alivarda\" target=\"_blank\" rel=\"noopener\" class=\"\"><i  class=\"gray fa icon fa-user-circle\"><\/i><\/a> <a href=\"#\" target=\"_self\" data-reiki-hidden=\"true\" rel=\"noopener\"><i  class=\"gray fa icon fa-twitter-square\"><\/i><\/a> <a href=\"#\" target=\"_self\" data-reiki-hidden=\"true\" rel=\"noopener\"><i  class=\"gray fa icon fa-linkedin-square\"><\/i><\/a> <a href=\"#\" target=\"_self\" data-reiki-hidden=\"true\" rel=\"noopener\"><i  class=\"gray fa icon fa-google-plus-square\"><\/i><\/a><\/div> <a class=\"link\" href=\"mailto:alivarda@icac.cat\" target=\"_self\" data-cp-link=\"1\" rel=\"noopener\">alivarda@icac.cat<\/a><\/div><\/div> <\/div><\/div> <\/div><\/div>","protected":false},"excerpt":{"rendered":"<p>DarkSeeds is a Marie Sk\u0142odowska-Curie Individual Fellowship funded under the H2020 programme of the European Union (H2020-MSCA-IF-2020-101024917) at the Landscape Archaeology Research Group (GIAP) of the Catalan Institute of Classical Archaeology (ICAC). PI: Dr. Charlotte Diffey. Supervised by: Alexandra Livarda (Ram\u00f3n y Cajal researcher at ICAC). Dates: 01\/09\/2022 \u2013 31\/08\/2024 AIM DarkSeeds aims to re-examine&hellip; <br \/> <a class=\"read-more\" href=\"https:\/\/darkseeds.icac.cat\/\">Read more<\/a><\/p>\n","protected":false},"author":2,"featured_media":0,"parent":0,"menu_order":0,"comment_status":"closed","ping_status":"closed","template":"page-templates\/homepage.php","meta":{"footnotes":""},"class_list":["post-8","page","type-page","status-publish","hentry"],"_links":{"self":[{"href":"https:\/\/darkseeds.icac.cat\/index.php?rest_route=\/wp\/v2\/pages\/8","targetHints":{"allow":["GET"]}}],"collection":[{"href":"https:\/\/darkseeds.icac.cat\/index.php?rest_route=\/wp\/v2\/pages"}],"about":[{"href":"https:\/\/darkseeds.icac.cat\/index.php?rest_route=\/wp\/v2\/types\/page"}],"author":[{"embeddable":true,"href":"https:\/\/darkseeds.icac.cat\/index.php?rest_route=\/wp\/v2\/users\/2"}],"replies":[{"embeddable":true,"href":"https:\/\/darkseeds.icac.cat\/index.php?rest_route=%2Fwp%2Fv2%2Fcomments&post=8"}],"version-history":[{"count":17,"href":"https:\/\/darkseeds.icac.cat\/index.php?rest_route=\/wp\/v2\/pages\/8\/revisions"}],"predecessor-version":[{"id":60,"href":"https:\/\/darkseeds.icac.cat\/index.php?rest_route=\/wp\/v2\/pages\/8\/revisions\/60"}],"wp:attachment":[{"href":"https:\/\/darkseeds.icac.cat\/index.php?rest_route=%2Fwp%2Fv2%2Fmedia&parent=8"}],"curies":[{"name":"wp","href":"https:\/\/api.w.org\/{rel}","templated":true}]}}